{"id":196,"date":"2024-03-12T15:11:15","date_gmt":"2024-03-12T15:11:15","guid":{"rendered":"http:\/\/gbp-kvd-simplicloud.local\/?page_id=196"},"modified":"2026-01-15T22:11:42","modified_gmt":"2026-01-16T03:11:42","slug":"home","status":"publish","type":"page","link":"https:\/\/workedin.ca\/en\/","title":{"rendered":"Home"},"content":{"rendered":"<div data-elementor-type=\"wp-page\" data-elementor-id=\"196\" class=\"elementor elementor-196\">\n\t\t\t\t<div class=\"elementor-element elementor-element-366656be e-flex e-con-boxed e-con e-parent\" data-id=\"366656be\" data-element_type=\"container\">\n\t\t\t\t\t<div class=\"e-con-inner\">\n\t\t\t\t<div class=\"elementor-element elementor-element-6b1376aa elementor-widget elementor-widget-text-editor\" data-id=\"6b1376aa\" data-element_type=\"widget\" data-widget_type=\"text-editor.default\">\n\t\t\t\t\t\t\t\t\t\n<div class=\"gb-element-65f38c9e\">\n<div class=\"gb-element-5d76c2c2\">\n<div>\n<h1 class=\"wp-block-heading translation-block\" style=\"font-size: 50px; font-style: normal; font-weight: 300;\">The community of <span class=\"has-accent-color\">IT experts<\/span> serving organizations.<\/h1>\n\n<div class=\"gb-text gbp-section__text gb-text-7e90ddec\">Workedin is reinventing the way we do business in IT and networking.<\/div>\n\n<div class=\"gb-element-8258d25a\"> <a class=\"gb-text gbp-button--primary gb-text-80517467\" href=\"#organisation\">I am an Organization<\/a>  <a class=\"gb-text gbp-button--secondary gb-text-76c3f68b\" href=\"#expert\">I am an expert<\/a> <\/div>\n<\/div>\n\n<div><div class=\"wp-block-image\">\n<figure class=\"aligncenter size-full is-resized\"><img alt=\"\" fetchpriority=\"high\" decoding=\"async\" width=\"303\" height=\"633\" class=\"wp-image-432\" style=\"width: 269px; height: auto;\" src=\"https:\/\/workedin.ca\/wp-content\/uploads\/2025\/07\/map-view.png\" srcset=\"https:\/\/workedin.ca\/wp-content\/uploads\/2025\/07\/map-view.png 303w, https:\/\/workedin.ca\/wp-content\/uploads\/2025\/07\/map-view-144x300.png 144w\" sizes=\"(max-width: 303px) 100vw, 303px\" \/><\/figure>\n<\/div><\/div>\n<\/div>\n<\/div>\n\n<div class=\"gb-element-ef868ad6\">\n<div class=\"gb-element-50475edc\">\n<div class=\"gb-element-69b085c4\">\n<h1 class=\"wp-block-heading translation-block\" style=\"font-size: 34px; font-style: normal; font-weight: 300;\">The community of <span class=\"has-accent-color\">IT experts<\/span> serving organizations.<\/h1>\n\n<div class=\"gb-text gbp-section__text gb-text-5e59752f\">Workedin is reinventing the way we do business in IT and networking.<\/div>\n\n<div class=\"gb-element-e0332dc0\"> <a class=\"gb-text gbp-button--primary gb-text-e28286c6\" href=\"#organisation\">I am an Organization<\/a>  <a class=\"gb-text gbp-button--secondary gb-text-3ad2f2d1\" href=\"#expert\">I am an expert<\/a> <\/div>\n<\/div>\n\n<div>\u00a0<\/div>\n<\/div>\n<\/div>\n\n<section class=\"gbp-section gb-element-da7c2f8d\">\n<div id=\"organisation\" class=\"gbp-section__inner gb-element-c52717a7\">\n<div class=\"gb-element-070e9d46\">\n<h2 class=\"gb-text gbp-section__headline gb-text-97ef0510\"><strong>Worked<mark class=\"gb-highlight\"><mark class=\"has-inline-color has-accent-color\" style=\"background-color: rgba(0, 0, 0, 0);\">In<\/mark><\/mark><\/strong> Enterprise Inc.<\/h2>\n\n<div class=\"gb-text gbp-section__text gb-text-2885b43d\">With Workedin, you gain access to a network of highly qualified, carefully selected experts supported by a modern and secure platform. No more ad hoc interventions, costly dependencies, or lack of transparency.<\/div>\n\n<p class=\"gb-text db-sm-text gb-text-85cfe9fa\">Control your technology assets in real time.<\/p>\n\n<p class=\"gb-text db-sm-text gb-text-c8b17438\">Find organized, supervised and efficient professionals.<\/p>\n\n<p class=\"gb-text db-sm-text gb-text-34565109\">Finally turn the page on outdated practices.<\/p>\n\n<p style=\"font-size: 18px;\">WorkedIn offers peace of mind, operational excellence and clear working conditions, framed by solid and fair policies.<\/p>\n<\/div>\n\n<div class=\"gb-element-04ba0133\"><div class=\"wp-block-image rounded-corners\">\n<figure class=\"aligncenter size-full\"><img alt=\"\" decoding=\"async\" width=\"1114\" height=\"816\" class=\"wp-image-719\" src=\"https:\/\/workedin.ca\/wp-content\/uploads\/2025\/07\/workedin-management-745456-e1753462025603.jpg\" srcset=\"https:\/\/workedin.ca\/wp-content\/uploads\/2025\/07\/workedin-management-745456-e1753462025603.jpg 1114w, https:\/\/workedin.ca\/wp-content\/uploads\/2025\/07\/workedin-management-745456-e1753462025603-300x220.jpg 300w, https:\/\/workedin.ca\/wp-content\/uploads\/2025\/07\/workedin-management-745456-e1753462025603-1024x750.jpg 1024w, https:\/\/workedin.ca\/wp-content\/uploads\/2025\/07\/workedin-management-745456-e1753462025603-768x563.jpg 768w, https:\/\/workedin.ca\/wp-content\/uploads\/2025\/07\/workedin-management-745456-e1753462025603-16x12.jpg 16w\" sizes=\"(max-width: 1114px) 100vw, 1114px\" \/><\/figure>\n<\/div><\/div>\n<\/div>\n<\/section>\n\n<section class=\"gbp-section gb-element-36fdca4b\">\n<div id=\"expert\" class=\"gbp-section__inner gb-element-7991206f\">\n<div class=\"gb-element-1b1770d4\">\n<h2 class=\"wp-block-heading translation-block\" style=\"font-size: 40px; font-style: normal; font-weight: 300;\">Are you an <span class=\"has-inline-color has-accent-color\"><strong>expert<\/strong><\/span> ?<br>Work differently.<\/h2>\n\n<div class=\"gb-text gbp-section__text gb-text-19678661\">Join a community that recognizes your value.<\/div>\n\n<p class=\"gb-text db-sm-text gb-text-14ab5957\">With Workedin, say goodbye to instability, isolation, and wasted time canvassing.<\/p>\n\n<p class=\"gb-text db-sm-text gb-text-8a4840e6\">Rayonnez \u00e0 la hauteur de vos comp\u00e9tences, dans un environnement structur\u00e9, \u00e9quitable et enrichissant.<\/p>\n\n<p class=\"gb-text db-sm-text gb-text-782ccd6b\">Access clear, well-defined mandates that are fairly remunerated.<\/p>\n<\/div>\n\n<div class=\"gb-element-960f1c8b\">\n<figure class=\"wp-block-image size-large rounded-corners\"><img alt=\"\" decoding=\"async\" width=\"1024\" height=\"733\" class=\"wp-image-674\" src=\"https:\/\/workedin.ca\/wp-content\/uploads\/2025\/07\/experrt-ti-e1753462132233-1024x733.jpeg\" srcset=\"https:\/\/workedin.ca\/wp-content\/uploads\/2025\/07\/experrt-ti-e1753462132233-1024x733.jpeg 1024w, https:\/\/workedin.ca\/wp-content\/uploads\/2025\/07\/experrt-ti-e1753462132233-300x215.jpeg 300w, https:\/\/workedin.ca\/wp-content\/uploads\/2025\/07\/experrt-ti-e1753462132233-768x550.jpeg 768w, https:\/\/workedin.ca\/wp-content\/uploads\/2025\/07\/experrt-ti-e1753462132233-1536x1099.jpeg 1536w, https:\/\/workedin.ca\/wp-content\/uploads\/2025\/07\/experrt-ti-e1753462132233-18x12.jpeg 18w, https:\/\/workedin.ca\/wp-content\/uploads\/2025\/07\/experrt-ti-e1753462132233.jpeg 1863w\" sizes=\"(max-width: 1024px) 100vw, 1024px\" \/><\/figure>\n<\/div>\n<\/div>\n<\/section>\n\n<section class=\"gbp-section gb-element-2c3fc469\">\n<div class=\"gb-element-844b9a9d\">\n<div class=\"gb-element-6129ce1c\">\n<div class=\"gbp-card gb-element-fd0e6845\">\n<div>\n<h2 class=\"gb-text gbp-section__headline gb-text-d4ec5340\">Appli simple et intuitive<\/h2>\n<\/div>\n\n<div class=\"gb-text gbp-section__text gb-text-9f3b4920\">Trouvez des mandats sans efforts<\/div>\n\n<div class=\"gb-element-c6e55e4f\"> <a class=\"gb-text gbp-button--primary gb-text-d70485fd\" href=\"#\">saVoir plus<\/a> <\/div>\n<\/div>\n\n<div class=\"gbp-card gb-element-bf960ec5\">\n<h3 class=\"gb-text gbp-section__headline gb-text-2d98b5d6\">Option de l&#8217;application<\/h3>\n\n<div class=\"gb-text gbp-section__text gb-text-063c312d\">Texte demo texte demo<\/div>\n\n<div class=\"gb-element-e93ed8c3\"> <a class=\"gb-text gbp-button--primary gb-text-437a4a87\" href=\"#\">Voir plus<\/a> <\/div>\n<\/div>\n\n<div class=\"gbp-card gb-element-5c22ab42\">\n<h3 class=\"gb-text gbp-section__headline gb-text-8808a776\">Option de l&#8217;application<\/h3>\n\n<div class=\"gb-text gbp-section__text gb-text-d0afe7aa\">Texte demo texte demo<\/div>\n\n<div class=\"gb-element-57e88051\"> <a class=\"gb-text gbp-button--primary gb-text-733fc024\" href=\"#\">voir plus<\/a> <\/div>\n<\/div>\n\n<div class=\"gbp-card gb-element-ae219f81\">\n<h3 class=\"gb-text gbp-section__headline gb-text-91d8f52d\">Option de l&#8217;application<\/h3>\n\n<div class=\"gb-text gbp-section__text gb-text-fcee3a9d\">Texte demo texte demo<\/div>\n\n<div class=\"gb-element-7340d235\"> <a class=\"gb-text gbp-button--primary gb-text-294577bb\" href=\"#\">voir plus<\/a> <\/div>\n<\/div>\n\n<div class=\"gbp-card gb-element-08dc6063\">\n<h3 class=\"gb-text gbp-section__headline gb-text-0c79d19e\">Option de l&#8217;application<\/h3>\n\n<div class=\"gb-text gbp-section__text gb-text-a748b379\">Texte demo texte demo<\/div>\n\n<div class=\"gb-element-d1ea0549\"> <a class=\"gb-text gbp-button--primary gb-text-5d366753\" href=\"#\">voir plus<\/a> <\/div>\n<\/div>\n<\/div>\n<\/div>\n<\/section>\n\n<section class=\"gbp-section gb-element-97bcd836\">\n<div class=\"gbp-section__inner gb-element-bd26d68a\">\n<div class=\"gb-element-06f22e97\">\n<div class=\"gb-element-8a14d78d\">\u00a0<\/div>\n<\/div>\n\n<div class=\"gbp-card gb-element-8728b7d0\"><div class=\"wp-block-image\">\n<figure class=\"aligncenter size-full is-resized\"><img alt=\"\" loading=\"lazy\" decoding=\"async\" width=\"60\" height=\"125\" class=\"wp-image-519\" style=\"width: 60px;\" src=\"https:\/\/workedin.ca\/wp-content\/uploads\/2025\/07\/dashboard.png\" srcset=\"https:\/\/workedin.ca\/wp-content\/uploads\/2025\/07\/dashboard.png 303w, https:\/\/workedin.ca\/wp-content\/uploads\/2025\/07\/dashboard-144x300.png 144w\" sizes=\"(max-width: 60px) 100vw, 60px\" \/><\/figure>\n<\/div>\n<h3 class=\"wp-block-heading has-large-font-size\" style=\"font-style: normal; font-weight: 300;\"><br \/>T\u00e9l\u00e9chargez l&#8217;application<\/h3>\n\n<div class=\"gb-text gbp-section__text gb-text-c959cda0\">Whether you are an organization looking for IT or networking services or you are an expert in these fields, try our application and discover all the possibilities it offers you!<\/div>\n\n<div class=\"gb-element-4f376178\">\n<div class=\"gb-element-0cb5672a\"><div class=\"wp-block-image\">\n<figure class=\"aligncenter size-full is-resized\"><a href=\"https:\/\/apps.apple.com\/ca\/app\/workedin\/id6756977701\"><img alt=\"\" loading=\"lazy\" decoding=\"async\" width=\"340\" height=\"110\" class=\"wp-image-715\" style=\"width: 233px; height: auto;\" src=\"https:\/\/workedin.ca\/wp-content\/uploads\/2025\/07\/apps.png\" srcset=\"https:\/\/workedin.ca\/wp-content\/uploads\/2025\/07\/apps.png 340w, https:\/\/workedin.ca\/wp-content\/uploads\/2025\/07\/apps-300x97.png 300w, https:\/\/workedin.ca\/wp-content\/uploads\/2025\/07\/apps-18x6.png 18w\" sizes=\"(max-width: 340px) 100vw, 340px\" \/><\/a><\/figure>\n<\/div><\/div>\n\n<div><div class=\"wp-block-image\">\n<figure class=\"aligncenter size-full is-resized\"><a href=\"https:\/\/play.google.com\/store\/apps\/details?id=ca.workedin.app&amp;pcampaignid=web_share\"><img alt=\"\" loading=\"lazy\" decoding=\"async\" width=\"340\" height=\"110\" class=\"wp-image-716\" style=\"width: 236px; height: auto;\" src=\"https:\/\/workedin.ca\/wp-content\/uploads\/2025\/07\/ggp.png\" srcset=\"https:\/\/workedin.ca\/wp-content\/uploads\/2025\/07\/ggp.png 340w, https:\/\/workedin.ca\/wp-content\/uploads\/2025\/07\/ggp-300x97.png 300w, https:\/\/workedin.ca\/wp-content\/uploads\/2025\/07\/ggp-18x6.png 18w\" sizes=\"(max-width: 340px) 100vw, 340px\" \/><\/a><\/figure>\n<\/div><\/div>\n<\/div>\n<\/div>\n\n<div class=\"gb-element-2e39d037\">\u00a0<\/div>\n<\/div>\n<\/section>\n\n<div class=\"gbp-section gb-element-504206f1\">\n<div class=\"gbp-section__inner gb-element-96da6f22\">\n<div class=\"gb-element-dba5e25d\">\n<h2 class=\"gb-text gbp-section__headline gb-text-c13b26b6\"><mark class=\"gb-highlight\"><strong>Blog<\/strong><\/mark> Worked<mark class=\"has-inline-color has-accent-color\" style=\"background-color: rgba(0, 0, 0, 0);\">In<\/mark><\/h2>\n<\/div>\n<\/div>\n\n<div class=\"gb-element-264246d4\">\n<div><div class=\"gb-looper-a3a97edb\">\n<div class=\"gb-loop-item gbp-card gb-loop-item-607210b8 post-72 post type-post status-publish format-standard has-post-thumbnail hentry category-communique\"> <img loading=\"lazy\" decoding=\"async\" width=\"640\" height=\"427\" data-media-id=\"54\" class=\"gb-media-bfdcb3b6\" src=\"https:\/\/workedin.ca\/wp-content\/uploads\/2024\/03\/post-three.jpeg\" alt=\"Lancement de l\u2019application Workedin\" srcset=\"https:\/\/workedin.ca\/wp-content\/uploads\/2024\/03\/post-three.jpeg 640w, https:\/\/workedin.ca\/wp-content\/uploads\/2024\/03\/post-three-300x200.jpeg 300w\" sizes=\"(max-width: 640px) 100vw, 640px\" \/> \n<div class=\"gb-element-a86039d4\">\n<h2 class=\"gb-text gb-text-365b4e68\"><a href=\"https:\/\/workedin.ca\/en\/lancement-application-workedin\/\">Workedin App Launched<\/a><\/h2>\n\n<p class=\"gb-text gbp-card__text\">Workedin Enterprise Inc. is proud to announce the official launch of Workedin, an innovative application...<\/p>\n<\/div>\n<\/div>\n\n<div class=\"gb-loop-item gbp-card gb-loop-item-607210b8 post-70 post type-post status-publish format-standard has-post-thumbnail hentry category-communique\"> <img loading=\"lazy\" decoding=\"async\" width=\"640\" height=\"427\" data-media-id=\"53\" class=\"gb-media-bfdcb3b6\" src=\"https:\/\/workedin.ca\/wp-content\/uploads\/2024\/03\/post-two.jpeg\" alt=\"Workedin, une solution innovante\" srcset=\"https:\/\/workedin.ca\/wp-content\/uploads\/2024\/03\/post-two.jpeg 640w, https:\/\/workedin.ca\/wp-content\/uploads\/2024\/03\/post-two-300x200.jpeg 300w\" sizes=\"(max-width: 640px) 100vw, 640px\" \/> \n<div class=\"gb-element-a86039d4\">\n<h2 class=\"gb-text gb-text-365b4e68\"><a href=\"https:\/\/workedin.ca\/en\/workedin-solution-innovante\/\">Workedin, an innovative solution<\/a><\/h2>\n\n<p class=\"gb-text gbp-card__text\">Compared to traditional IT providers, a local and human solution stands out: the Workedin application.<\/p>\n<\/div>\n<\/div>\n\n<div class=\"gb-loop-item gbp-card gb-loop-item-607210b8 post-257 post type-post status-publish format-standard has-post-thumbnail hentry category-actualites\"> <img loading=\"lazy\" decoding=\"async\" width=\"1279\" height=\"854\" data-media-id=\"55\" class=\"gb-media-bfdcb3b6\" src=\"https:\/\/workedin.ca\/wp-content\/uploads\/2024\/03\/feature-2.jpeg\" alt=\"5 erreurs \u00e0 \u00e9viter lors de l\u2019embauche d\u2019un prestataire\" srcset=\"https:\/\/workedin.ca\/wp-content\/uploads\/2024\/03\/feature-2.jpeg 1279w, https:\/\/workedin.ca\/wp-content\/uploads\/2024\/03\/feature-2-300x200.jpeg 300w, https:\/\/workedin.ca\/wp-content\/uploads\/2024\/03\/feature-2-1024x684.jpeg 1024w, https:\/\/workedin.ca\/wp-content\/uploads\/2024\/03\/feature-2-768x513.jpeg 768w\" sizes=\"(max-width: 1279px) 100vw, 1279px\" \/> \n<div class=\"gb-element-a86039d4\">\n<h2 class=\"gb-text gb-text-365b4e68\"><a href=\"https:\/\/workedin.ca\/en\/5-erreurs-eviter-embauche-prestataire\/\">5 Mistakes to Avoid When Hiring a Service Provider<\/a><\/h2>\n\n<p class=\"gb-text gbp-card__text translation-block\">Here are the 5 most common mistakes and how to avoid them using a platform like <strong>Worked<span class=\"has-inline-color has-accent-color\">In<\/span><\/strong>.<\/p>\n<\/div>\n<\/div>\n<\/div><\/div>\n<\/div>\n<\/div>\n\t\t\t\t\t\t\t\t<\/div>\n\t\t\t\t\t<\/div>\n\t\t\t\t<\/div>\n\t\t\t\t<\/div>","protected":false},"excerpt":{"rendered":"<p>La communaut\u00e9 d\u2019experts informatiques au service des organisations. Workedin r\u00e9invente la fa\u00e7on de faire des affaires en informatique et en r\u00e9seautique. Je suis une Organisation Je suis un expert La communaut\u00e9 d\u2019experts informatiques au service des organisations. Workedin r\u00e9invente la fa\u00e7on de faire des affaires en informatique et en r\u00e9seautique. Je suis une Organisation Je &#8230; <a title=\"Home\" class=\"read-more\" href=\"https:\/\/workedin.ca\/en\/\" aria-label=\"Read more about Accueil\">Read more<\/a><\/p>","protected":false},"author":1,"featured_media":0,"parent":0,"menu_order":0,"comment_status":"closed","ping_status":"closed","template":"","meta":{"_seopress_robots_primary_cat":"","_seopress_titles_title":"","_seopress_titles_desc":"","_seopress_robots_index":"","footnotes":""},"class_list":["post-196","page","type-page","status-publish"],"_links":{"self":[{"href":"https:\/\/workedin.ca\/en\/wp-json\/wp\/v2\/pages\/196","targetHints":{"allow":["GET"]}}],"collection":[{"href":"https:\/\/workedin.ca\/en\/wp-json\/wp\/v2\/pages"}],"about":[{"href":"https:\/\/workedin.ca\/en\/wp-json\/wp\/v2\/types\/page"}],"author":[{"embeddable":true,"href":"https:\/\/workedin.ca\/en\/wp-json\/wp\/v2\/users\/1"}],"replies":[{"embeddable":true,"href":"https:\/\/workedin.ca\/en\/wp-json\/wp\/v2\/comments?post=196"}],"version-history":[{"count":0,"href":"https:\/\/workedin.ca\/en\/wp-json\/wp\/v2\/pages\/196\/revisions"}],"wp:attachment":[{"href":"https:\/\/workedin.ca\/en\/wp-json\/wp\/v2\/media?parent=196"}],"curies":[{"name":"wp","href":"https:\/\/api.w.org\/{rel}","templated":true}]}}