{"id":339,"date":"2024-04-11T14:44:45","date_gmt":"2024-04-11T14:44:45","guid":{"rendered":"http:\/\/gbp-kvd-simplicloud.local\/?page_id=339"},"modified":"2025-07-23T21:07:43","modified_gmt":"2025-07-24T01:07:43","slug":"services","status":"publish","type":"page","link":"https:\/\/workedin.ca\/en\/services\/","title":{"rendered":"Services"},"content":{"rendered":"<section class=\"gbp-section gb-element-bea35a6a\">\n<div class=\"gbp-section__inner gb-element-6d308898\">\n<div class=\"gb-element-9726cbd0\">\n<div class=\"gb-text gbp-section__tagline gb-text-cabb3251\"><strong>Worked<mark style=\"background-color:rgba(0, 0, 0, 0)\" class=\"has-inline-color has-accent-color\">In<\/mark><\/strong><\/div>\n\n\n\n<h1 class=\"gb-text gbp-section__headline\">Our <mark style=\"background-color:rgba(0, 0, 0, 0)\" class=\"has-inline-color has-accent-color\">Services<\/mark><\/h1>\n\n\n\n<div class=\"gb-text gbp-section__text db-lg-text gb-text-ddad88f4\">One platform, two realities, one standard of excellence.<\/div>\n<\/div>\n<\/div>\n<\/section>\n\n\n\n<section class=\"gbp-section gb-element-2ab9df23\">\n<div class=\"gb-element-49ec6b2d\">\n<div>\n<div class=\"gb-element-c056659a\">\n<div><div class=\"wp-block-image\">\n<figure class=\"aligncenter size-full\"><img alt=\"\" fetchpriority=\"high\" decoding=\"async\" width=\"304\" height=\"633\" src=\"https:\/\/workedin.ca\/wp-content\/uploads\/2025\/07\/workedin-request-details.png\" class=\"wp-image-548\" srcset=\"https:\/\/workedin.ca\/wp-content\/uploads\/2025\/07\/workedin-request-details.png 304w, https:\/\/workedin.ca\/wp-content\/uploads\/2025\/07\/workedin-request-details-144x300.png 144w\" sizes=\"(max-width: 304px) 100vw, 304px\" \/><\/figure>\n<\/div><\/div>\n\n\n\n<div>\n<h2 class=\"wp-block-heading translation-block\" style=\"font-size:32px;font-style:normal;font-weight:300\">For <span class=\"has-inline-color has-accent-color\">organizations<\/span> and individuals.<\/h2>\n\n\n\n<p style=\"font-size:20px\" class=\"translation-block\">Worked<span class=\"has-inline-color has-accent-color\">in<\/span> simplifies and secures the management of your IT needs. No more empty calls and impromptu interventions, you are in control.<\/p>\n\n\n\n<ul style=\"font-size:18px\" class=\"wp-block-list\">\n<li>Publish your service requests in just a few clicks<\/li>\n\n\n\n<li>Instantly access a network of hand-picked experts<\/li>\n\n\n\n<li>Put dozens of professionals in competition, not just two local firms<\/li>\n\n\n\n<li>Reduce your costs, increase your options, improve your results<\/li>\n\n\n\n<li>Benefit from rigorous policies to ensure the security of your equipment<\/li>\n\n\n\n<li>Free yourself from the obligation to purchase your IT equipment from a single source<\/li>\n\n\n\n<li>Track each mission in real time with an intuitive dashboard<\/li>\n\n\n\n<li>Rely on standardized procedures and a complete history of your interventions<\/li>\n\n\n\n<li>In case of a problem? We have structured solutions to resolve disputes quickly.<\/li>\n<\/ul>\n<\/div>\n<\/div>\n<\/div>\n<\/div>\n<\/section>\n\n\n\n<div>\n<div class=\"gb-element-1b72f8cf\">\n<div>\n<blockquote class=\"wp-block-quote is-style-default is-layout-flow wp-block-quote-is-layout-flow\">\n<h3 class=\"wp-block-heading has-text-align-center translation-block\" style=\"font-size:33px;font-style:normal;font-weight:300\">With Worked<span class=\"has-inline-color has-accent-color\">in<\/span>, you gain control, transparency, and efficiency.<\/h3>\n<\/blockquote>\n<\/div>\n\n\n\n<div class=\"gb-element-fe158120\">\n<div><div class=\"wp-block-image\">\n<figure class=\"aligncenter size-full\"><img alt=\"\" decoding=\"async\" width=\"303\" height=\"633\" src=\"https:\/\/workedin.ca\/wp-content\/uploads\/2025\/07\/dashboard.png\" class=\"wp-image-519\" srcset=\"https:\/\/workedin.ca\/wp-content\/uploads\/2025\/07\/dashboard.png 303w, https:\/\/workedin.ca\/wp-content\/uploads\/2025\/07\/dashboard-144x300.png 144w\" sizes=\"(max-width: 303px) 100vw, 303px\" \/><\/figure>\n<\/div><\/div>\n\n\n\n<div class=\"gb-element-aaed9a58\">\n<h2 class=\"wp-block-heading translation-block\" style=\"font-size:33px;font-style:normal;font-weight:300\">For <span class=\"has-inline-color has-accent-color\">experts<\/span>.<\/h2>\n\n\n\n<p style=\"font-size:22px\">Are you an expert? That's your talent speaking. <br>Nous, on s\u2019occupe du reste.<\/p>\n\n\n\n<ul style=\"font-size:18px\" class=\"wp-block-list\">\n<li>Finding missions without prospecting or marketing<\/li>\n\n\n\n<li>Enjoy clear, transparent and fair conditions<\/li>\n\n\n\n<li>Collaborez avec d&#8217;autres experts et r\u00e9solvez ensemble les mandats les plus complexes<\/li>\n\n\n\n<li>Breaking isolation through our community and our activities (training, meetings, mutual aid)<\/li>\n\n\n\n<li>Keep track of all your actions, to protect yourself\u2026 and shine<\/li>\n\n\n\n<li>In the event of a dispute, our neutral and structured management process protects you<\/li>\n\n\n\n<li>View your mandates, income and statistics via a comprehensive dashboard<\/li>\n<\/ul>\n<\/div>\n<\/div>\n\n\n\n<div class=\"gb-element-4f256673\">\n<h3 class=\"wp-block-heading has-text-align-center translation-block\" style=\"font-size:28px;font-style:normal;font-weight:300\">With Worked<span class=\"has-inline-color has-accent-color\">In<\/span>, you are free, supported, and valued for your expertise.<\/h3>\n<\/div>\n<\/div>\n<\/div>","protected":false},"excerpt":{"rendered":"<p>WorkedIn Nos Services Une plateforme, deux r\u00e9alit\u00e9s, un seul standard d\u2019excellence. Pour les organisations et les individus. Workedin simplifie et s\u00e9curise la gestion de vos besoins informatiques. Fini les appels dans le vide et les interventions improvis\u00e9es, vous \u00eates aux commandes. Avec Workedin, vous gagnez en contr\u00f4le, en transparence et en efficacit\u00e9. Pour les experts. &#8230; <a title=\"Services\" class=\"read-more\" href=\"https:\/\/workedin.ca\/en\/services\/\" aria-label=\"Read more about Services\">Read more<\/a><\/p>","protected":false},"author":1,"featured_media":0,"parent":0,"menu_order":0,"comment_status":"closed","ping_status":"closed","template":"","meta":{"_seopress_robots_primary_cat":"","_seopress_titles_title":"","_seopress_titles_desc":"","_seopress_robots_index":"","footnotes":""},"class_list":["post-339","page","type-page","status-publish"],"_links":{"self":[{"href":"https:\/\/workedin.ca\/en\/wp-json\/wp\/v2\/pages\/339","targetHints":{"allow":["GET"]}}],"collection":[{"href":"https:\/\/workedin.ca\/en\/wp-json\/wp\/v2\/pages"}],"about":[{"href":"https:\/\/workedin.ca\/en\/wp-json\/wp\/v2\/types\/page"}],"author":[{"embeddable":true,"href":"https:\/\/workedin.ca\/en\/wp-json\/wp\/v2\/users\/1"}],"replies":[{"embeddable":true,"href":"https:\/\/workedin.ca\/en\/wp-json\/wp\/v2\/comments?post=339"}],"version-history":[{"count":0,"href":"https:\/\/workedin.ca\/en\/wp-json\/wp\/v2\/pages\/339\/revisions"}],"wp:attachment":[{"href":"https:\/\/workedin.ca\/en\/wp-json\/wp\/v2\/media?parent=339"}],"curies":[{"name":"wp","href":"https:\/\/api.w.org\/{rel}","templated":true}]}}