{"id":613,"date":"2025-07-22T19:59:21","date_gmt":"2025-07-22T23:59:21","guid":{"rendered":"https:\/\/workedin.ca\/?page_id=613"},"modified":"2025-07-22T20:13:04","modified_gmt":"2025-07-23T00:13:04","slug":"faq","status":"publish","type":"page","link":"https:\/\/workedin.ca\/en\/faq\/","title":{"rendered":"FAQ"},"content":{"rendered":"<section class=\"gbp-section gb-element-bea35a6a\">\n<div class=\"gbp-section__inner gb-element-6d308898\">\n<div class=\"gb-element-9726cbd0\">\n<div class=\"gb-text gbp-section__tagline gb-text-cabb3251\"><strong>Worked<mark style=\"background-color:rgba(0, 0, 0, 0)\" class=\"has-inline-color has-accent-color\">In<\/mark><\/strong><\/div>\n\n\n\n<h1 class=\"gb-text gbp-section__headline\">Frequently Asked Questions<\/h1>\n\n\n\n<div class=\"gb-text gbp-section__text db-lg-text gb-text-ddad88f4\">One platform, two realities, one standard of excellence.<\/div>\n<\/div>\n<\/div>\n<\/section>\n\n\n\n<div>\n<div class=\"gb-accordion\">\n<div class=\"gb-accordion__item gb-accordion__item-2587f9e3\">\n<div role=\"button\" tabindex=\"0\" class=\"gb-accordion__toggle gb-accordion__toggle-ea47550e\" id=\"gb-accordion-toggle-ea47550e\">\n<span class=\"gb-text\">What is the Workedin app?<\/span>\n\n\n\n<span class=\"gb-accordion__toggle-icon gb-accordion__toggle-icon-7331790e\"><span class=\"gb-accordion__toggle-icon-open\"><svg aria-hidden=\"true\" viewbox=\"0 0 256 256\"><rect width=\"256\" height=\"256\" fill=\"none\"><\/rect><polyline points=\"208 96 128 176 48 96\" fill=\"none\" stroke=\"currentColor\" stroke-linecap=\"round\" stroke-linejoin=\"round\" stroke-width=\"16\"><\/polyline><\/svg><\/span><span class=\"gb-accordion__toggle-icon-close\"><svg aria-hidden=\"true\" viewbox=\"0 0 256 256\"><rect width=\"256\" height=\"256\" fill=\"none\"><\/rect><polyline points=\"48 160 128 80 208 160\" fill=\"none\" stroke=\"currentColor\" stroke-linecap=\"round\" stroke-linejoin=\"round\" stroke-width=\"16\"><\/polyline><\/svg><\/span><\/span>\n<\/div>\n\n\n\n<div class=\"gb-accordion__content\" id=\"gb-accordion-content-9fc564f8\">\n<div class=\"gb-element-b9753a05\">\n<p>Workedin is a Quebec-based mobile application that quickly connects available workers with businesses with one-off or ongoing needs. It simplifies the search for local professional services, promotes the local economy, and accelerates networking.<\/p>\n<\/div>\n<\/div>\n<\/div>\n\n\n\n<div class=\"gb-accordion__item gb-accordion__item-bd9130ae\">\n<div role=\"button\" tabindex=\"0\" class=\"gb-accordion__toggle gb-accordion__toggle-30551977\" id=\"gb-accordion-toggle-30551977\">\n<span class=\"gb-text\">Who is Workedin for?<\/span>\n\n\n\n<span class=\"gb-accordion__toggle-icon gb-accordion__toggle-icon-30f7094d\"><span class=\"gb-accordion__toggle-icon-open\"><svg aria-hidden=\"true\" viewbox=\"0 0 256 256\"><rect width=\"256\" height=\"256\" fill=\"none\"><\/rect><polyline points=\"208 96 128 176 48 96\" fill=\"none\" stroke=\"currentColor\" stroke-linecap=\"round\" stroke-linejoin=\"round\" stroke-width=\"16\"><\/polyline><\/svg><\/span><span class=\"gb-accordion__toggle-icon-close\"><svg aria-hidden=\"true\" viewbox=\"0 0 256 256\"><rect width=\"256\" height=\"256\" fill=\"none\"><\/rect><polyline points=\"48 160 128 80 208 160\" fill=\"none\" stroke=\"currentColor\" stroke-linecap=\"round\" stroke-linejoin=\"round\" stroke-width=\"16\"><\/polyline><\/svg><\/span><\/span>\n<\/div>\n\n\n\n<div class=\"gb-accordion__content\" id=\"gb-accordion-content-92013bc0\">\n<div class=\"gb-element-6dcecd98\">\n<p>Workedin is aimed at :<\/p>\n\n\n\n<ul class=\"wp-block-list\">\n<li>For self-employed workers and service professionals who want to offer their expertise.<\/li>\n\n\n\n<li>For businesses, organizations and individuals looking for reliable resources to quickly address their IT and networking challenges.<\/li>\n\n\n\n<li>For workers looking for business opportunities (full-time, part-time, contract or temporary mandate).<\/li>\n<\/ul>\n<\/div>\n<\/div>\n<\/div>\n\n\n\n<div class=\"gb-accordion__item gb-accordion__item-b880ff1e\">\n<div role=\"button\" tabindex=\"0\" class=\"gb-accordion__toggle gb-accordion__toggle-f210d744\" id=\"gb-accordion-toggle-f210d744\">\n<span class=\"gb-text\">Is the app free?<\/span>\n\n\n\n<span class=\"gb-accordion__toggle-icon gb-accordion__toggle-icon-30054be3\"><span class=\"gb-accordion__toggle-icon-open\"><svg aria-hidden=\"true\" viewbox=\"0 0 256 256\"><rect width=\"256\" height=\"256\" fill=\"none\"><\/rect><polyline points=\"208 96 128 176 48 96\" fill=\"none\" stroke=\"currentColor\" stroke-linecap=\"round\" stroke-linejoin=\"round\" stroke-width=\"16\"><\/polyline><\/svg><\/span><span class=\"gb-accordion__toggle-icon-close\"><svg aria-hidden=\"true\" viewbox=\"0 0 256 256\"><rect width=\"256\" height=\"256\" fill=\"none\"><\/rect><polyline points=\"48 160 128 80 208 160\" fill=\"none\" stroke=\"currentColor\" stroke-linecap=\"round\" stroke-linejoin=\"round\" stroke-width=\"16\"><\/polyline><\/svg><\/span><\/span>\n<\/div>\n\n\n\n<div class=\"gb-accordion__content\" id=\"gb-accordion-content-2ce87101\">\n<div class=\"gb-element-16603d9e\">\n<p>The app is free to download. Companies only pay when they award a contract, and experts only pay when they accept a contract.<\/p>\n<\/div>\n<\/div>\n<\/div>\n\n\n\n<div class=\"gb-accordion__item gb-accordion__item-09906ef4\">\n<div role=\"button\" tabindex=\"0\" class=\"gb-accordion__toggle gb-accordion__toggle-8ba563f9\" id=\"gb-accordion-toggle-8ba563f9\">\n<span class=\"gb-text\">How to publish an offer or profile?<\/span>\n\n\n\n<span class=\"gb-accordion__toggle-icon gb-accordion__toggle-icon-f3fc381d\"><span class=\"gb-accordion__toggle-icon-open\"><svg aria-hidden=\"true\" viewbox=\"0 0 256 256\"><rect width=\"256\" height=\"256\" fill=\"none\"><\/rect><polyline points=\"208 96 128 176 48 96\" fill=\"none\" stroke=\"currentColor\" stroke-linecap=\"round\" stroke-linejoin=\"round\" stroke-width=\"16\"><\/polyline><\/svg><\/span><span class=\"gb-accordion__toggle-icon-close\"><svg aria-hidden=\"true\" viewbox=\"0 0 256 256\"><rect width=\"256\" height=\"256\" fill=\"none\"><\/rect><polyline points=\"48 160 128 80 208 160\" fill=\"none\" stroke=\"currentColor\" stroke-linecap=\"round\" stroke-linejoin=\"round\" stroke-width=\"16\"><\/polyline><\/svg><\/span><\/span>\n<\/div>\n\n\n\n<div class=\"gb-accordion__content\" id=\"gb-accordion-content-32969d7f\">\n<div class=\"gb-element-d02525a5\">\n<p>Once registered, simply fill out a simple form in the application:<\/p>\n\n\n\n<ul class=\"wp-block-list\">\n<li>Workers create a profile with their skills, availability and location<\/li>\n\n\n\n<li>Companies publish a need with the criteria sought<\/li>\n<\/ul>\n<\/div>\n<\/div>\n<\/div>\n\n\n\n<div class=\"gb-accordion__item gb-accordion__item-ad9cbe26\">\n<div role=\"button\" tabindex=\"0\" class=\"gb-accordion__toggle gb-accordion__toggle-1c4cb508\" id=\"gb-accordion-toggle-1c4cb508\">\n<span class=\"gb-text\">Does Workedin act as an employer or an agency?<\/span>\n\n\n\n<span class=\"gb-accordion__toggle-icon gb-accordion__toggle-icon-4e7d00e3\"><span class=\"gb-accordion__toggle-icon-open\"><svg aria-hidden=\"true\" viewbox=\"0 0 256 256\"><rect width=\"256\" height=\"256\" fill=\"none\"><\/rect><polyline points=\"208 96 128 176 48 96\" fill=\"none\" stroke=\"currentColor\" stroke-linecap=\"round\" stroke-linejoin=\"round\" stroke-width=\"16\"><\/polyline><\/svg><\/span><span class=\"gb-accordion__toggle-icon-close\"><svg aria-hidden=\"true\" viewbox=\"0 0 256 256\"><rect width=\"256\" height=\"256\" fill=\"none\"><\/rect><polyline points=\"48 160 128 80 208 160\" fill=\"none\" stroke=\"currentColor\" stroke-linecap=\"round\" stroke-linejoin=\"round\" stroke-width=\"16\"><\/polyline><\/svg><\/span><\/span>\n<\/div>\n\n\n\n<div class=\"gb-accordion__content\" id=\"gb-accordion-content-e1fc9254\">\n<div class=\"gb-element-f0f083f1\">\n<p>No. Workedin is a matchmaking platform. It is not involved in contract selection or management. It allows parties to find each other and communicate more easily. It sets forth terms and conditions that protect the parties and ensure transparency in the work performed and financial transactions.<\/p>\n<\/div>\n<\/div>\n<\/div>\n\n\n\n<div class=\"gb-accordion__item gb-accordion__item-03f0245f\">\n<div role=\"button\" tabindex=\"0\" class=\"gb-accordion__toggle gb-accordion__toggle-b74bdb06\" id=\"gb-accordion-toggle-b74bdb06\">\n<span class=\"gb-text\">Are users rated?<\/span>\n\n\n\n<span class=\"gb-accordion__toggle-icon gb-accordion__toggle-icon-a30567dc\"><span class=\"gb-accordion__toggle-icon-open\"><svg aria-hidden=\"true\" viewbox=\"0 0 256 256\"><rect width=\"256\" height=\"256\" fill=\"none\"><\/rect><polyline points=\"208 96 128 176 48 96\" fill=\"none\" stroke=\"currentColor\" stroke-linecap=\"round\" stroke-linejoin=\"round\" stroke-width=\"16\"><\/polyline><\/svg><\/span><span class=\"gb-accordion__toggle-icon-close\"><svg aria-hidden=\"true\" viewbox=\"0 0 256 256\"><rect width=\"256\" height=\"256\" fill=\"none\"><\/rect><polyline points=\"48 160 128 80 208 160\" fill=\"none\" stroke=\"currentColor\" stroke-linecap=\"round\" stroke-linejoin=\"round\" stroke-width=\"16\"><\/polyline><\/svg><\/span><\/span>\n<\/div>\n\n\n\n<div class=\"gb-accordion__content\" id=\"gb-accordion-content-890761ee\">\n<div class=\"gb-element-ab1689e7\">\n<p>Yes. After each collaboration, users can rate each other. This rating system aims to build trust and maintain the quality of exchanges.<\/p>\n<\/div>\n<\/div>\n<\/div>\n\n\n\n<div class=\"gb-accordion__item gb-accordion__item-6814c9aa\">\n<div role=\"button\" tabindex=\"0\" class=\"gb-accordion__toggle gb-accordion__toggle-65ed8748\" id=\"gb-accordion-toggle-65ed8748\">\n<span class=\"gb-text\">Is the application available everywhere in Quebec?<\/span>\n\n\n\n<span class=\"gb-accordion__toggle-icon gb-accordion__toggle-icon-365912b6\"><span class=\"gb-accordion__toggle-icon-open\"><svg aria-hidden=\"true\" viewbox=\"0 0 256 256\"><rect width=\"256\" height=\"256\" fill=\"none\"><\/rect><polyline points=\"208 96 128 176 48 96\" fill=\"none\" stroke=\"currentColor\" stroke-linecap=\"round\" stroke-linejoin=\"round\" stroke-width=\"16\"><\/polyline><\/svg><\/span><span class=\"gb-accordion__toggle-icon-close\"><svg aria-hidden=\"true\" viewbox=\"0 0 256 256\"><rect width=\"256\" height=\"256\" fill=\"none\"><\/rect><polyline points=\"48 160 128 80 208 160\" fill=\"none\" stroke=\"currentColor\" stroke-linecap=\"round\" stroke-linejoin=\"round\" stroke-width=\"16\"><\/polyline><\/svg><\/span><\/span>\n<\/div>\n\n\n\n<div class=\"gb-accordion__content\" id=\"gb-accordion-content-3acb119b\">\n<div class=\"gb-element-42805e1c\">\n<p>Yes. Workedin was designed to serve both major cities and regions, highlighting local talent. Its impact is particularly strong in areas where labor is hard to find.<\/p>\n<\/div>\n<\/div>\n<\/div>\n\n\n\n<div class=\"gb-accordion__item gb-accordion__item-aae299a3\">\n<div role=\"button\" tabindex=\"0\" class=\"gb-accordion__toggle gb-accordion__toggle-faf9f389\" id=\"gb-accordion-toggle-faf9f389\">\n<span class=\"gb-text\">What platforms is the app available on?<\/span>\n\n\n\n<span class=\"gb-accordion__toggle-icon gb-accordion__toggle-icon-654bf2ff\"><span class=\"gb-accordion__toggle-icon-open\"><svg aria-hidden=\"true\" viewbox=\"0 0 256 256\"><rect width=\"256\" height=\"256\" fill=\"none\"><\/rect><polyline points=\"208 96 128 176 48 96\" fill=\"none\" stroke=\"currentColor\" stroke-linecap=\"round\" stroke-linejoin=\"round\" stroke-width=\"16\"><\/polyline><\/svg><\/span><span class=\"gb-accordion__toggle-icon-close\"><svg aria-hidden=\"true\" viewbox=\"0 0 256 256\"><rect width=\"256\" height=\"256\" fill=\"none\"><\/rect><polyline points=\"48 160 128 80 208 160\" fill=\"none\" stroke=\"currentColor\" stroke-linecap=\"round\" stroke-linejoin=\"round\" stroke-width=\"16\"><\/polyline><\/svg><\/span><\/span>\n<\/div>\n\n\n\n<div class=\"gb-accordion__content\" id=\"gb-accordion-content-0aa5356b\">\n<div class=\"gb-element-b9852e38\">\n<p>Workedin is available for download on iOS (App Store) and Android (Google Play).<\/p>\n<\/div>\n<\/div>\n<\/div>\n\n\n\n<div class=\"gb-accordion__item gb-accordion__item-78a6558d\">\n<div role=\"button\" tabindex=\"0\" class=\"gb-accordion__toggle gb-accordion__toggle-cb5addd7\" id=\"gb-accordion-toggle-cb5addd7\">\n<span class=\"gb-text\">Is my information secure?<\/span>\n\n\n\n<span class=\"gb-accordion__toggle-icon gb-accordion__toggle-icon-dec13f4b\"><span class=\"gb-accordion__toggle-icon-open\"><svg aria-hidden=\"true\" viewbox=\"0 0 256 256\"><rect width=\"256\" height=\"256\" fill=\"none\"><\/rect><polyline points=\"208 96 128 176 48 96\" fill=\"none\" stroke=\"currentColor\" stroke-linecap=\"round\" stroke-linejoin=\"round\" stroke-width=\"16\"><\/polyline><\/svg><\/span><span class=\"gb-accordion__toggle-icon-close\"><svg aria-hidden=\"true\" viewbox=\"0 0 256 256\"><rect width=\"256\" height=\"256\" fill=\"none\"><\/rect><polyline points=\"48 160 128 80 208 160\" fill=\"none\" stroke=\"currentColor\" stroke-linecap=\"round\" stroke-linejoin=\"round\" stroke-width=\"16\"><\/polyline><\/svg><\/span><\/span>\n<\/div>\n\n\n\n<div class=\"gb-accordion__content\" id=\"gb-accordion-content-e30924b7\">\n<div class=\"gb-element-7966ba0f\">\n<p>Absolutely. User data privacy is a priority. No personal information is shared without consent.<\/p>\n<\/div>\n<\/div>\n<\/div>\n<\/div>\n<\/div>\n\n\n\n<p><\/p>","protected":false},"excerpt":{"rendered":"<p>WorkedIn Questions fr\u00e9quentes Une plateforme, deux r\u00e9alit\u00e9s, un seul standard d\u2019excellence.<\/p>","protected":false},"author":1,"featured_media":0,"parent":0,"menu_order":0,"comment_status":"closed","ping_status":"closed","template":"","meta":{"_seopress_robots_primary_cat":"","_seopress_titles_title":"","_seopress_titles_desc":"","_seopress_robots_index":"","footnotes":""},"class_list":["post-613","page","type-page","status-publish"],"_links":{"self":[{"href":"https:\/\/workedin.ca\/en\/wp-json\/wp\/v2\/pages\/613","targetHints":{"allow":["GET"]}}],"collection":[{"href":"https:\/\/workedin.ca\/en\/wp-json\/wp\/v2\/pages"}],"about":[{"href":"https:\/\/workedin.ca\/en\/wp-json\/wp\/v2\/types\/page"}],"author":[{"embeddable":true,"href":"https:\/\/workedin.ca\/en\/wp-json\/wp\/v2\/users\/1"}],"replies":[{"embeddable":true,"href":"https:\/\/workedin.ca\/en\/wp-json\/wp\/v2\/comments?post=613"}],"version-history":[{"count":0,"href":"https:\/\/workedin.ca\/en\/wp-json\/wp\/v2\/pages\/613\/revisions"}],"wp:attachment":[{"href":"https:\/\/workedin.ca\/en\/wp-json\/wp\/v2\/media?parent=613"}],"curies":[{"name":"wp","href":"https:\/\/api.w.org\/{rel}","templated":true}]}}