{"id":654,"date":"2025-07-22T21:52:32","date_gmt":"2025-07-23T01:52:32","guid":{"rendered":"https:\/\/workedin.ca\/?page_id=654"},"modified":"2025-12-10T13:30:19","modified_gmt":"2025-12-10T18:30:19","slug":"politique-cookies","status":"publish","type":"page","link":"https:\/\/workedin.ca\/en\/politique-cookies\/","title":{"rendered":"Cookies Policy"},"content":{"rendered":"<h1 class=\"wp-block-heading has-x-large-font-size\">Cookie Policy \u2013 Worked<mark style=\"background-color:rgba(0, 0, 0, 0)\" class=\"has-inline-color has-accent-color\">In<\/mark><\/h1>\n\n\n\n<p>Last update: 10 October 2025<\/p>\n\n\n\n<div style=\"height:60px\" aria-hidden=\"true\" class=\"wp-block-spacer\"><\/div>\n\n\n\n<h3 class=\"wp-block-heading\" style=\"font-style:normal;font-weight:300\">What is a cookie?<\/h3>\n\n\n\n<p>A cookie is a small text file stored on your device when you visit a website. It helps remember information such as your preferences or session.<\/p>\n\n\n\n<h3 class=\"wp-block-heading\" style=\"font-style:normal;font-weight:300\">Why do we use cookies?<\/h3>\n\n\n\n<p><strong>We use cookies to:<\/strong><\/p>\n\n\n\n<ul class=\"wp-block-list\">\n<li>Make it easier to navigate the site<\/li>\n\n\n\n<li>Remember your preferences (e.g. language)<\/li>\n\n\n\n<li>Improve site performance<\/li>\n\n\n\n<li>Analyze site usage anonymously (statistics)<\/li>\n<\/ul>\n\n\n\n<h3 class=\"wp-block-heading\" style=\"font-style:normal;font-weight:300\">Control and deactivation<\/h3>\n\n\n\n<p>You can change your browser settings at any time to refuse or delete cookies. However, some features of the site may not function properly.<\/p>\n\n\n\n<p><\/p>","protected":false},"excerpt":{"rendered":"<p>Politique sur les cookies \u2013 WORKEDIN Derni\u00e8re mise \u00e0 jour : 10 Octobre 2025 Qu\u2019est-ce qu\u2019un cookie ? Un cookie est un petit fichier texte enregistr\u00e9 sur votre appareil lorsque vous visitez un site web. Il permet de m\u00e9moriser certaines informations, comme vos pr\u00e9f\u00e9rences ou votre session. Pourquoi utilisons-nous des cookies ? Nous utilisons des &#8230; <a title=\"Cookies Policy\" class=\"read-more\" href=\"https:\/\/workedin.ca\/en\/politique-cookies\/\" aria-label=\"Read more about Politique cookies\">Read more<\/a><\/p>","protected":false},"author":1,"featured_media":0,"parent":0,"menu_order":0,"comment_status":"closed","ping_status":"closed","template":"","meta":{"_seopress_robots_primary_cat":"","_seopress_titles_title":"","_seopress_titles_desc":"","_seopress_robots_index":"","footnotes":""},"class_list":["post-654","page","type-page","status-publish"],"_links":{"self":[{"href":"https:\/\/workedin.ca\/en\/wp-json\/wp\/v2\/pages\/654","targetHints":{"allow":["GET"]}}],"collection":[{"href":"https:\/\/workedin.ca\/en\/wp-json\/wp\/v2\/pages"}],"about":[{"href":"https:\/\/workedin.ca\/en\/wp-json\/wp\/v2\/types\/page"}],"author":[{"embeddable":true,"href":"https:\/\/workedin.ca\/en\/wp-json\/wp\/v2\/users\/1"}],"replies":[{"embeddable":true,"href":"https:\/\/workedin.ca\/en\/wp-json\/wp\/v2\/comments?post=654"}],"version-history":[{"count":0,"href":"https:\/\/workedin.ca\/en\/wp-json\/wp\/v2\/pages\/654\/revisions"}],"wp:attachment":[{"href":"https:\/\/workedin.ca\/en\/wp-json\/wp\/v2\/media?parent=654"}],"curies":[{"name":"wp","href":"https:\/\/api.w.org\/{rel}","templated":true}]}}