{"id":859,"date":"2025-12-11T22:45:18","date_gmt":"2025-12-12T03:45:18","guid":{"rendered":"https:\/\/workedin.ca\/?page_id=859"},"modified":"2025-12-16T14:20:33","modified_gmt":"2025-12-16T19:20:33","slug":"remote-access","status":"publish","type":"page","link":"https:\/\/workedin.ca\/en\/remote-access\/","title":{"rendered":"Support Technique"},"content":{"rendered":"<div data-elementor-type=\"wp-page\" data-elementor-id=\"859\" class=\"elementor elementor-859\">\n\t\t\t\t<div class=\"elementor-element elementor-element-d695b19 e-flex e-con-boxed e-con e-parent\" data-id=\"d695b19\" data-element_type=\"container\" data-settings=\"{&quot;background_background&quot;:&quot;classic&quot;}\">\n\t\t\t\t\t<div class=\"e-con-inner\">\n\t\t<div class=\"elementor-element elementor-element-bf7f9a6 e-con-full e-flex e-con e-child\" data-id=\"bf7f9a6\" data-element_type=\"container\">\n\t\t\t\t<\/div>\n\t\t<div class=\"elementor-element elementor-element-e235211 e-con-full e-flex e-con e-child\" data-id=\"e235211\" data-element_type=\"container\">\n\t\t\t\t<\/div>\n\t\t\t\t\t<\/div>\n\t\t\t\t<\/div>\n\t\t<div class=\"elementor-element elementor-element-c1a68ef e-flex e-con-boxed e-con e-parent\" data-id=\"c1a68ef\" data-element_type=\"container\" data-settings=\"{&quot;background_background&quot;:&quot;classic&quot;}\">\n\t\t\t\t\t<div class=\"e-con-inner\">\n\t\t<div class=\"elementor-element elementor-element-881a51c e-con-full e-flex e-con e-child\" data-id=\"881a51c\" data-element_type=\"container\">\n\t\t\t\t<div class=\"elementor-element elementor-element-5bf05cd elementor-widget elementor-widget-text-editor\" data-id=\"5bf05cd\" data-element_type=\"widget\" data-widget_type=\"text-editor.default\">\n\t\t\t\t\t\t\t\t\t<h2 class=\"text-5xl font-bold leading-tight text-brand-dark\" style=\"color: #000;\"><strong>Support \u00e0 distance<\/strong><br \/><strong><span style=\"color: #3773e8;\">instantan\u00e9 et s\u00e9curis\u00e9<\/span><\/strong><\/h2><p>Obtenez l&#8217;aide dont vous avez besoin, quand vous en avez besoin. Notre outil de support \u00e0 distance permet \u00e0 nos techniciens de se connecter en toute s\u00e9curit\u00e9 \u00e0 votre appareil et de r\u00e9soudre les probl\u00e8mes rapidement.<\/p>\t\t\t\t\t\t\t\t<\/div>\n\t\t\t\t<div class=\"elementor-element elementor-element-9c01e39 elementor-widget elementor-widget-button\" data-id=\"9c01e39\" data-element_type=\"widget\" data-widget_type=\"button.default\">\n\t\t\t\t\t\t\t\t\t\t<a class=\"elementor-button elementor-button-link elementor-size-sm\" href=\"https:\/\/workedin-downloadables.s3.ca-central-1.amazonaws.com\/workedin-remote-client.exe\">\n\t\t\t\t\t\t<span class=\"elementor-button-content-wrapper\">\n\t\t\t\t\t\t<span class=\"elementor-button-icon\">\n\t\t\t\t<svg aria-hidden=\"true\" class=\"e-font-icon-svg e-fas-download\" viewbox=\"0 0 512 512\" xmlns=\"http:\/\/www.w3.org\/2000\/svg\"><path d=\"M216 0h80c13.3 0 24 10.7 24 24v168h87.7c17.8 0 26.7 21.5 14.1 34.1L269.7 378.3c-7.5 7.5-19.8 7.5-27.3 0L90.1 226.1c-12.6-12.6-3.7-34.1 14.1-34.1H192V24c0-13.3 10.7-24 24-24zm296 376v112c0 13.3-10.7 24-24 24H24c-13.3 0-24-10.7-24-24V376c0-13.3 10.7-24 24-24h146.7l49 49c20.1 20.1 52.5 20.1 72.6 0l49-49H488c13.3 0 24 10.7 24 24zm-124 88c0-11-9-20-20-20s-20 9-20 20 9 20 20 20 20-9 20-20zm64 0c0-11-9-20-20-20s-20 9-20 20 9 20 20 20 20-9 20-20z\"><\/path><\/svg>\t\t\t<\/span>\n\t\t\t\t\t\t\t\t\t<span class=\"elementor-button-text\">T\u00e9l\u00e9charger pour windows<\/span>\n\t\t\t\t\t<\/span>\n\t\t\t\t\t<\/a>\n\t\t\t\t\t\t\t\t<\/div>\n\t\t\t\t<div class=\"elementor-element elementor-element-e45258b elementor-widget elementor-widget-text-editor\" data-id=\"e45258b\" data-element_type=\"widget\" data-widget_type=\"text-editor.default\">\n\t\t\t\t\t\t\t\t\t<p>Aussi disponible bientot pour <a class=\"underline hover:text-brand-blue\" href=\"#\">macOS<\/a>\u00a0et\u00a0<a class=\"underline hover:text-brand-blue\" href=\"#\">Linux<\/a><\/p>\t\t\t\t\t\t\t\t<\/div>\n\t\t\t\t<\/div>\n\t\t<div class=\"elementor-element elementor-element-86e3259 e-con-full e-flex e-con e-child\" data-id=\"86e3259\" data-element_type=\"container\">\n\t\t\t\t<div class=\"elementor-element elementor-element-7aa0f61 elementor-widget elementor-widget-image\" data-id=\"7aa0f61\" data-element_type=\"widget\" data-widget_type=\"image.default\">\n\t\t\t\t\t\t\t\t\t\t\t\t\t\t\t<img alt=\"\" fetchpriority=\"high\" decoding=\"async\" width=\"979\" height=\"979\" src=\"https:\/\/workedin.ca\/wp-content\/uploads\/2025\/12\/de92b70e95-a8f58cc1beba9320261d.png\" class=\"attachment-large size-large wp-image-858\" srcset=\"https:\/\/workedin.ca\/wp-content\/uploads\/2025\/12\/de92b70e95-a8f58cc1beba9320261d.png 1024w, https:\/\/workedin.ca\/wp-content\/uploads\/2025\/12\/de92b70e95-a8f58cc1beba9320261d-300x300.png 300w, https:\/\/workedin.ca\/wp-content\/uploads\/2025\/12\/de92b70e95-a8f58cc1beba9320261d-150x150.png 150w, https:\/\/workedin.ca\/wp-content\/uploads\/2025\/12\/de92b70e95-a8f58cc1beba9320261d-768x768.png 768w, https:\/\/workedin.ca\/wp-content\/uploads\/2025\/12\/de92b70e95-a8f58cc1beba9320261d-12x12.png 12w\" sizes=\"(max-width: 979px) 100vw, 979px\" \/>\t\t\t\t\t\t\t\t\t\t\t\t\t\t\t<\/div>\n\t\t\t\t<\/div>\n\t\t\t\t\t<\/div>\n\t\t\t\t<\/div>\n\t\t<div class=\"elementor-element elementor-element-7e1ded2 e-grid e-con-boxed e-con e-parent\" data-id=\"7e1ded2\" data-element_type=\"container\">\n\t\t\t\t\t<div class=\"e-con-inner\">\n\t\t\t\t<div class=\"elementor-element elementor-element-d24be19 elementor-widget elementor-widget-text-editor\" data-id=\"d24be19\" data-element_type=\"widget\" data-widget_type=\"text-editor.default\">\n\t\t\t\t\t\t\t\t\t<h1 style=\"text-align: center;\"><span style=\"color: #000000;\">\u00a0<\/span><strong><span style=\"color: #000000;\">Comment fonctionne le support \u00e0 distance<\/span><\/strong><\/h1><p class=\"mt-4 text-lg text-brand-gray max-w-3xl mx-auto\" style=\"text-align: center;\">Notre processus est simple, transparent et con\u00e7u pour vous remettre au travail le plus rapidement possible.<\/p>\t\t\t\t\t\t\t\t<\/div>\n\t\t<div class=\"elementor-element elementor-element-89d01cf e-grid e-con-full e-con e-child\" data-id=\"89d01cf\" data-element_type=\"container\">\n\t\t<div class=\"elementor-element elementor-element-c03e332 e-grid e-con-full e-con e-child\" data-id=\"c03e332\" data-element_type=\"container\" data-settings=\"{&quot;background_background&quot;:&quot;classic&quot;}\">\n\t\t\t\t<div class=\"elementor-element elementor-element-12e0fab elementor-view-stacked elementor-shape-circle elementor-widget elementor-widget-icon\" data-id=\"12e0fab\" data-element_type=\"widget\" data-widget_type=\"icon.default\">\n\t\t\t\t\t\t\t<div class=\"elementor-icon-wrapper\">\n\t\t\t<div class=\"elementor-icon\">\n\t\t\t<svg aria-hidden=\"true\" class=\"e-font-icon-svg e-fas-download\" viewbox=\"0 0 512 512\" xmlns=\"http:\/\/www.w3.org\/2000\/svg\"><path d=\"M216 0h80c13.3 0 24 10.7 24 24v168h87.7c17.8 0 26.7 21.5 14.1 34.1L269.7 378.3c-7.5 7.5-19.8 7.5-27.3 0L90.1 226.1c-12.6-12.6-3.7-34.1 14.1-34.1H192V24c0-13.3 10.7-24 24-24zm296 376v112c0 13.3-10.7 24-24 24H24c-13.3 0-24-10.7-24-24V376c0-13.3 10.7-24 24-24h146.7l49 49c20.1 20.1 52.5 20.1 72.6 0l49-49H488c13.3 0 24 10.7 24 24zm-124 88c0-11-9-20-20-20s-20 9-20 20 9 20 20 20 20-9 20-20zm64 0c0-11-9-20-20-20s-20 9-20 20 9 20 20 20 20-9 20-20z\"><\/path><\/svg>\t\t\t<\/div>\n\t\t<\/div>\n\t\t\t\t\t\t<\/div>\n\t\t\t\t<div class=\"elementor-element elementor-element-a334023 elementor-widget elementor-widget-text-editor\" data-id=\"a334023\" data-element_type=\"widget\" data-widget_type=\"text-editor.default\">\n\t\t\t\t\t\t\t\t\t<h4 class=\"text-xl font-semibold\" style=\"text-align: center;\"><strong><span style=\"color: #000000;\">1. T\u00e9l\u00e9charger<\/span><\/strong><\/h4><p class=\"mt-2 text-brand-gray\" style=\"text-align: center;\"><span style=\"color: #808080;\">Cliquez sur le bouton de t\u00e9l\u00e9chargement pour obtenir l&#8217;outil d&#8217;acc\u00e8s \u00e0 distance s\u00e9curis\u00e9.<\/span><\/p>\t\t\t\t\t\t\t\t<\/div>\n\t\t\t\t<\/div>\n\t\t<div class=\"elementor-element elementor-element-a2e8612 e-grid e-con-full e-con e-child\" data-id=\"a2e8612\" data-element_type=\"container\" data-settings=\"{&quot;background_background&quot;:&quot;classic&quot;}\">\n\t\t\t\t<div class=\"elementor-element elementor-element-e4b2dc2 elementor-view-default elementor-widget elementor-widget-icon\" data-id=\"e4b2dc2\" data-element_type=\"widget\" data-widget_type=\"icon.default\">\n\t\t\t\t\t\t\t<div class=\"elementor-icon-wrapper\">\n\t\t\t<div class=\"elementor-icon\">\n\t\t\t<svg aria-hidden=\"true\" class=\"e-font-icon-svg e-fas-rocket\" viewbox=\"0 0 512 512\" xmlns=\"http:\/\/www.w3.org\/2000\/svg\"><path d=\"M505.12019,19.09375c-1.18945-5.53125-6.65819-11-12.207-12.1875C460.716,0,435.507,0,410.40747,0,307.17523,0,245.26909,55.20312,199.05238,128H94.83772c-16.34763.01562-35.55658,11.875-42.88664,26.48438L2.51562,253.29688A28.4,28.4,0,0,0,0,264a24.00867,24.00867,0,0,0,24.00582,24H127.81618l-22.47457,22.46875c-11.36521,11.36133-12.99607,32.25781,0,45.25L156.24582,406.625c11.15623,11.1875,32.15619,13.15625,45.27726,0l22.47457-22.46875V488a24.00867,24.00867,0,0,0,24.00581,24,28.55934,28.55934,0,0,0,10.707-2.51562l98.72834-49.39063c14.62888-7.29687,26.50776-26.5,26.50776-42.85937V312.79688c72.59753-46.3125,128.03493-108.40626,128.03493-211.09376C512.07526,76.5,512.07526,51.29688,505.12019,19.09375ZM384.04033,168A40,40,0,1,1,424.05,128,40.02322,40.02322,0,0,1,384.04033,168Z\"><\/path><\/svg>\t\t\t<\/div>\n\t\t<\/div>\n\t\t\t\t\t\t<\/div>\n\t\t\t\t<div class=\"elementor-element elementor-element-789b6c0 elementor-widget elementor-widget-text-editor\" data-id=\"789b6c0\" data-element_type=\"widget\" data-widget_type=\"text-editor.default\">\n\t\t\t\t\t\t\t\t\t<h4 class=\"text-xl font-semibold\" style=\"text-align: center;\"><span style=\"color: #000000;\"><strong>2. Lancer &amp; Partager<\/strong><\/span><\/h4><p class=\"mt-2 text-brand-gray\" style=\"text-align: center;\"><span style=\"color: #808080;\">Ex\u00e9cutez l&#8217;application et fournissez l&#8217;ID de session unique \u00e0 votre agent de support.<\/span><\/p>\t\t\t\t\t\t\t\t<\/div>\n\t\t\t\t<\/div>\n\t\t<div class=\"elementor-element elementor-element-643b074 e-grid e-con-full e-con e-child\" data-id=\"643b074\" data-element_type=\"container\" data-settings=\"{&quot;background_background&quot;:&quot;classic&quot;}\">\n\t\t\t\t<div class=\"elementor-element elementor-element-6af781b elementor-view-default elementor-widget elementor-widget-icon\" data-id=\"6af781b\" data-element_type=\"widget\" data-widget_type=\"icon.default\">\n\t\t\t\t\t\t\t<div class=\"elementor-icon-wrapper\">\n\t\t\t<div class=\"elementor-icon\">\n\t\t\t<svg aria-hidden=\"true\" class=\"e-font-icon-svg e-fas-tools\" viewbox=\"0 0 512 512\" xmlns=\"http:\/\/www.w3.org\/2000\/svg\"><path d=\"M501.1 395.7L384 278.6c-23.1-23.1-57.6-27.6-85.4-13.9L192 158.1V96L64 0 0 64l96 128h62.1l106.6 106.6c-13.6 27.8-9.2 62.3 13.9 85.4l117.1 117.1c14.6 14.6 38.2 14.6 52.7 0l52.7-52.7c14.5-14.6 14.5-38.2 0-52.7zM331.7 225c28.3 0 54.9 11 74.9 31l19.4 19.4c15.8-6.9 30.8-16.5 43.8-29.5 37.1-37.1 49.7-89.3 37.9-136.7-2.2-9-13.5-12.1-20.1-5.5l-74.4 74.4-67.9-11.3L334 98.9l74.4-74.4c6.6-6.6 3.4-17.9-5.7-20.2-47.4-11.7-99.6.9-136.6 37.9-28.5 28.5-41.9 66.1-41.2 103.6l82.1 82.1c8.1-1.9 16.5-2.9 24.7-2.9zm-103.9 82l-56.7-56.7L18.7 402.8c-25 25-25 65.5 0 90.5s65.5 25 90.5 0l123.6-123.6c-7.6-19.9-9.9-41.6-5-62.7zM64 472c-13.2 0-24-10.8-24-24 0-13.3 10.7-24 24-24s24 10.7 24 24c0 13.2-10.7 24-24 24z\"><\/path><\/svg>\t\t\t<\/div>\n\t\t<\/div>\n\t\t\t\t\t\t<\/div>\n\t\t\t\t<div class=\"elementor-element elementor-element-963ac8f elementor-widget elementor-widget-text-editor\" data-id=\"963ac8f\" data-element_type=\"widget\" data-widget_type=\"text-editor.default\">\n\t\t\t\t\t\t\t\t\t<h4 class=\"text-xl font-semibold\" style=\"text-align: center;\"><span style=\"color: #000000;\"><strong>3. Obtenir de l&#8217;aide<\/strong><\/span><\/h4><p class=\"mt-2 text-brand-gray\" style=\"text-align: center;\">Votre agent se connectera et r\u00e9soudra le probl\u00e8me pendant que vous observez.<\/p>\t\t\t\t\t\t\t\t<\/div>\n\t\t\t\t<\/div>\n\t\t\t\t<\/div>\n\t\t\t\t\t<\/div>\n\t\t\t\t<\/div>\n\t\t\t\t<\/div>","protected":false},"excerpt":{"rendered":"<p>Support \u00e0 distanceinstantan\u00e9 et s\u00e9curis\u00e9 Obtenez l&#8217;aide dont vous avez besoin, quand vous en avez besoin. Notre outil de support \u00e0 distance permet \u00e0 nos techniciens de se connecter en toute s\u00e9curit\u00e9 \u00e0 votre appareil et de r\u00e9soudre les probl\u00e8mes rapidement. T\u00e9l\u00e9charger pour windows Aussi disponible bientot pour macOS\u00a0et\u00a0Linux \u00a0Comment fonctionne le support \u00e0 distance &#8230; <a title=\"Support Technique\" class=\"read-more\" href=\"https:\/\/workedin.ca\/en\/remote-access\/\" aria-label=\"Read more about Support Technique\">Read more<\/a><\/p>","protected":false},"author":4,"featured_media":0,"parent":0,"menu_order":0,"comment_status":"closed","ping_status":"closed","template":"elementor_header_footer","meta":{"_seopress_robots_primary_cat":"","_seopress_titles_title":"","_seopress_titles_desc":"","_seopress_robots_index":"","footnotes":""},"class_list":["post-859","page","type-page","status-publish"],"_links":{"self":[{"href":"https:\/\/workedin.ca\/en\/wp-json\/wp\/v2\/pages\/859","targetHints":{"allow":["GET"]}}],"collection":[{"href":"https:\/\/workedin.ca\/en\/wp-json\/wp\/v2\/pages"}],"about":[{"href":"https:\/\/workedin.ca\/en\/wp-json\/wp\/v2\/types\/page"}],"author":[{"embeddable":true,"href":"https:\/\/workedin.ca\/en\/wp-json\/wp\/v2\/users\/4"}],"replies":[{"embeddable":true,"href":"https:\/\/workedin.ca\/en\/wp-json\/wp\/v2\/comments?post=859"}],"version-history":[{"count":0,"href":"https:\/\/workedin.ca\/en\/wp-json\/wp\/v2\/pages\/859\/revisions"}],"wp:attachment":[{"href":"https:\/\/workedin.ca\/en\/wp-json\/wp\/v2\/media?parent=859"}],"curies":[{"name":"wp","href":"https:\/\/api.w.org\/{rel}","templated":true}]}}